{"id":10,"date":"2014-10-31T14:52:39","date_gmt":"2014-10-31T12:52:39","guid":{"rendered":"http:\/\/old.diethe-langern.de\/wp_dl\/?page_id=10"},"modified":"2014-10-31T19:34:02","modified_gmt":"2014-10-31T17:34:02","slug":"start","status":"publish","type":"page","link":"https:\/\/old.diethe-langern.de\/wp_dl\/","title":{"rendered":"Start"},"content":{"rendered":"<h1 style=\"text-align: left;\"><strong>Diethe<\/strong><\/h1>\n<p style=\"text-align: left;\">Es k\u00f6nnen keine Angaben \u00fcber den Zeitpunkt der Entstehung und der Herleitung des Namens gemacht werden. Der Ort wird 1221 urkundlich genannt, dieses geschah im Zusammenhang mit dem Kloster Nendorf.<\/p>\n<h1 style=\"text-align: left;\">Gemeindegliederung<\/h1>\n<p style=\"text-align: left;\">Seit der Gebietsreform vom 1. M\u00e4rz 1974 geh\u00f6rt Diethe zur Gemeinde Stolzenau. Stolzenau besteht aus den Ortsteilen<\/p>\n<ul style=\"text-align: left;\">\n<li>Stolzenau (Stadt)<\/li>\n<li><span style=\"color: #ff0000;\">Diethe<\/span><\/li>\n<li>Frestorf<\/li>\n<li>Hibben<\/li>\n<li>M\u00fcsleringen<\/li>\n<li>Nendorf &#8211; ca. 1000 Einwohner<\/li>\n<li>Holzhausen (direkter Stadtteil)<\/li>\n<li>Anemolter &#8211; ca. 500 Einwohner<\/li>\n<li>Schinna<\/li>\n<\/ul>\n<p style=\"text-align: left;\">Der Ortsteil Diethe besteht aus den D\u00f6rfern Diethe, Langern, B\u00fclten und Strahle.<\/p>\n<p style=\"text-align: left;\">Diethe liegt: N 52 Grad 28&#8242; 25&#8243; Breite und E 9 Grad 0&#8242; 30&#8243; L\u00e4nge<\/p>\n","protected":false},"excerpt":{"rendered":"<p>Diethe Es k\u00f6nnen keine Angaben \u00fcber den Zeitpunkt der Entstehung und der Herleitung des Namens gemacht werden. Der Ort wird 1221 urkundlich genannt, dieses geschah im Zusammenhang mit dem Kloster Nendorf. Gemeindegliederung Seit der Gebietsreform vom 1. M\u00e4rz 1974 geh\u00f6rt Diethe zur Gemeinde Stolzenau. Stolzenau besteht aus den Ortsteilen Stolzenau (Stadt) Diethe Frestorf Hibben M\u00fcsleringen [&hellip;]<\/p>\n","protected":false},"author":1,"featured_media":0,"parent":0,"menu_order":0,"comment_status":"closed","ping_status":"closed","template":"","meta":{"footnotes":""},"class_list":["post-10","page","type-page","status-publish","hentry"],"_links":{"self":[{"href":"https:\/\/old.diethe-langern.de\/wp_dl\/wp-json\/wp\/v2\/pages\/10","targetHints":{"allow":["GET"]}}],"collection":[{"href":"https:\/\/old.diethe-langern.de\/wp_dl\/wp-json\/wp\/v2\/pages"}],"about":[{"href":"https:\/\/old.diethe-langern.de\/wp_dl\/wp-json\/wp\/v2\/types\/page"}],"author":[{"embeddable":true,"href":"https:\/\/old.diethe-langern.de\/wp_dl\/wp-json\/wp\/v2\/users\/1"}],"replies":[{"embeddable":true,"href":"https:\/\/old.diethe-langern.de\/wp_dl\/wp-json\/wp\/v2\/comments?post=10"}],"version-history":[{"count":3,"href":"https:\/\/old.diethe-langern.de\/wp_dl\/wp-json\/wp\/v2\/pages\/10\/revisions"}],"predecessor-version":[{"id":95,"href":"https:\/\/old.diethe-langern.de\/wp_dl\/wp-json\/wp\/v2\/pages\/10\/revisions\/95"}],"wp:attachment":[{"href":"https:\/\/old.diethe-langern.de\/wp_dl\/wp-json\/wp\/v2\/media?parent=10"}],"curies":[{"name":"wp","href":"https:\/\/api.w.org\/{rel}","templated":true}]}}