{"id":100,"date":"2014-11-01T15:35:31","date_gmt":"2014-11-01T13:35:31","guid":{"rendered":"http:\/\/old.diethe-langern.de\/wp_dl\/?page_id=100"},"modified":"2017-07-06T19:09:02","modified_gmt":"2017-07-06T17:09:02","slug":"bilder","status":"publish","type":"page","link":"https:\/\/old.diethe-langern.de\/wp_dl\/bilder\/","title":{"rendered":"Bilder"},"content":{"rendered":"<h3>Bilder 2017<\/h3>\n<ul>\n<li style=\"padding-left: 90px;\"><\/li>\n<li style=\"padding-left: 90px;\"><a href=\"https:\/\/old.diethe-langern.de\/wp_dl\/bilder\/mitternachtskuppeln-hibben-2017\">Mitternachtskuppeln Hibben 2017<\/a><\/li>\n<li style=\"padding-left: 90px;\"><a style=\"font-size: 1rem;\" href=\"https:\/\/old.diethe-langern.de\/wp_dl\/bilder\/feuerwehrjubilaeum-2017\/\">Feuerwehrjubil\u00e4um 2017<\/a><\/li>\n<\/ul>\n<h3>Bilder 2016<\/h3>\n<ul>\n<li style=\"padding-left: 90px;\"><a href=\"https:\/\/old.diethe-langern.de\/wp_dl\/bilder\/ausflug-dr-oetker-2016\/\">Ausflug Dr. Oetker 2016<\/a><\/li>\n<li style=\"padding-left: 90px;\"><a href=\"https:\/\/old.diethe-langern.de\/wp_dl\/bilder\/winterwanderung-2016\/\">Winterwanderung 2016<\/a><\/li>\n<\/ul>\n<h3>Bilder 2015<\/h3>\n<h3>Bilder 2014<\/h3>\n<ul>\n<li style=\"padding-left: 90px;\"><a href=\"einweihung-feuerwehr-haus\">Einweihung Feuerwehrhaus<\/a><\/li>\n<li style=\"padding-left: 90px;\"><a title=\"Pfingsten 2014\" href=\"https:\/\/old.diethe-langern.de\/wp_dl\/pfingsten-2014\/\">Pfingsten<\/a><\/li>\n<li style=\"padding-left: 90px;\"><a title=\"Winterwanderung 2014\" href=\"https:\/\/old.diethe-langern.de\/wp_dl\/winterwanderung-2014\/\">Winterwanderung<\/a><\/li>\n<\/ul>\n<h3>Bilder 2013<\/h3>\n<ul>\n<li style=\"padding-left: 90px;\"><a title=\"Weihnachtsfeier 2013\" href=\"https:\/\/old.diethe-langern.de\/wp_dl\/bilder\/weihnachtsfeier-2013\/\">Weihnachtsfeier<\/a><\/li>\n<li style=\"padding-left: 90px;\"><a title=\"Herbsteinsatz 2013\" href=\"https:\/\/old.diethe-langern.de\/wp_dl\/herbsteinsatz-2013\/\">Herbsteinsatz<\/a><\/li>\n<li style=\"padding-left: 90px;\"><a title=\"Jubil\u00e4um 10 Jahre\" href=\"https:\/\/old.diethe-langern.de\/wp_dl\/jubilaeum-10-jahre\/\">Jubil\u00e4um 10 Jahre<\/a><\/li>\n<li style=\"padding-left: 90px;\"><a title=\"Dorferneuerung 2013\" href=\"https:\/\/old.diethe-langern.de\/wp_dl\/dorferneuerung-2013\/\">Dorferneuerung 2013<\/a><\/li>\n<li style=\"padding-left: 90px;\"><a title=\"Fahrradrallye 2013\" href=\"https:\/\/old.diethe-langern.de\/wp_dl\/bilder\/fahrradrallye-2013\/\">Fahrradrallye<\/a><\/li>\n<li style=\"padding-left: 90px;\"><a title=\"Sommerausflug 2013\" href=\"https:\/\/old.diethe-langern.de\/wp_dl\/sommerausflug-2013\/\">Sommerausflug<\/a><\/li>\n<li style=\"padding-left: 90px;\"><a title=\"Ostern 2013\" href=\"https:\/\/old.diethe-langern.de\/wp_dl\/bilder\/ostern-2013\/\">Ostern<\/a><\/li>\n<\/ul>\n<h3>Bilder 2012<\/h3>\n<ul>\n<li style=\"padding-left: 90px;\"><a title=\"D\u00f6rpsfest 2012\" href=\"https:\/\/old.diethe-langern.de\/wp_dl\/doerpsfest-2012\/\">D\u00f6rpsfest<\/a><\/li>\n<li style=\"padding-left: 90px;\"><a title=\"Ausflug Steyerberg 2012\" href=\"https:\/\/old.diethe-langern.de\/wp_dl\/ausflug-steyerberg-2012\/\">Ausflug Steyerberg<\/a><\/li>\n<li style=\"padding-left: 90px;\"><a title=\"Winterwanderung 2012\" href=\"https:\/\/old.diethe-langern.de\/wp_dl\/winterwanderung-2012\/\">Winterwanderung<\/a><\/li>\n<\/ul>\n<h3>Bilder 2011<\/h3>\n<ul>\n<li style=\"padding-left: 90px;\"><a title=\"Karneval 2011\" href=\"https:\/\/old.diethe-langern.de\/wp_dl\/karneval-2011\/\">Karneval<\/a><\/li>\n<li style=\"padding-left: 90px;\"><a title=\"D\u00f6rpsfest 2011\" href=\"https:\/\/old.diethe-langern.de\/wp_dl\/doerpsfest-2011\/\">D\u00f6rpsfest<\/a><\/li>\n<li style=\"padding-left: 90px;\"><a title=\"Weihnachten 2011\" href=\"https:\/\/old.diethe-langern.de\/wp_dl\/weihnachten-2011\/\">Weihnachten<\/a><\/li>\n<li style=\"padding-left: 90px;\"><a title=\"Fahrradtour 2011\" href=\"https:\/\/old.diethe-langern.de\/wp_dl\/fahrradtour-2011\/\">Fahrradtour<\/a><\/li>\n<li style=\"padding-left: 90px;\"><a title=\"Maibaum 2011\" href=\"https:\/\/old.diethe-langern.de\/wp_dl\/maibaum-2011\/\">Maibaum<\/a><\/li>\n<li style=\"padding-left: 90px;\"><a title=\"Fahrradtour 2011\" href=\"https:\/\/old.diethe-langern.de\/wp_dl\/fahrradtour-2011\/\">Fahrradrallye<\/a><\/li>\n<\/ul>\n<h3>Bilder 2010<\/h3>\n<h3>Bilder\u00a02009<\/h3>\n<ul>\n<li style=\"padding-left: 90px;\"><a title=\"Arbeitseinsatz 2009\" href=\"https:\/\/old.diethe-langern.de\/wp_dl\/arbeitseinsatz-2009\/\">Arbeitseinsatz<\/a><\/li>\n<li style=\"padding-left: 90px;\"><a title=\"Fahrradrallye 2009\" href=\"https:\/\/old.diethe-langern.de\/wp_dl\/bilder\/fahrradrallye-2009\/\">Fahrradrallye<\/a><\/li>\n<li style=\"padding-left: 90px;\"><a title=\"Ostern 2009\" href=\"https:\/\/old.diethe-langern.de\/wp_dl\/bilder\/ostern-2009\/\">Ostern<\/a><\/li>\n<\/ul>\n<h3>Bilder 2008<\/h3>\n<ul>\n<li style=\"padding-left: 90px;\"><a title=\"Arbeitseinsatz 2008\" href=\"https:\/\/old.diethe-langern.de\/wp_dl\/arbeitseinsatz-2008\/\">Arbeitseinsatz<\/a><\/li>\n<li style=\"padding-left: 90px;\"><a title=\"Fahrradrallye 2008\" href=\"https:\/\/old.diethe-langern.de\/wp_dl\/bilder\/fahrradrallye-2008\/\">Fahrradrallye<\/a><\/li>\n<li style=\"padding-left: 90px;\"><a title=\"Gernheim 2008\" href=\"https:\/\/old.diethe-langern.de\/wp_dl\/gernheim-2008\/\">Gernheim<\/a><\/li>\n<li style=\"padding-left: 90px;\"><a title=\"Maibaum 2008\" href=\"https:\/\/old.diethe-langern.de\/wp_dl\/maibaum-2008\/\">Maibaum<\/a><\/li>\n<li style=\"padding-left: 90px;\"><a title=\"Ostern 2008\" href=\"https:\/\/old.diethe-langern.de\/wp_dl\/ostern-2008\/\">Ostern<\/a><\/li>\n<li style=\"padding-left: 90px;\"><a title=\"Christian 30\" href=\"https:\/\/old.diethe-langern.de\/wp_dl\/christian-30\/\">Christian 30<\/a><\/li>\n<\/ul>\n<h3>Bilder 2007<\/h3>\n<ul>\n<li style=\"padding-left: 60px;\"><a title=\"Ostern 2007\" href=\"https:\/\/old.diethe-langern.de\/wp_dl\/ostern-2007\/\">Ostern<\/a><\/li>\n<li style=\"padding-left: 60px;\"><a title=\"785 Jahr Feier\" href=\"https:\/\/old.diethe-langern.de\/wp_dl\/785jahr\/\">785 Jahr Feier<\/a><\/li>\n<li style=\"padding-left: 60px;\"><a title=\"Maibaum 2007\" href=\"https:\/\/old.diethe-langern.de\/wp_dl\/bilder\/maibaum-2007\/\">Maibaum<\/a><\/li>\n<\/ul>\n","protected":false},"excerpt":{"rendered":"<p>Bilder 2017 Mitternachtskuppeln Hibben 2017 Feuerwehrjubil\u00e4um 2017 Bilder 2016 Ausflug Dr. Oetker 2016 Winterwanderung 2016 Bilder 2015 Bilder 2014 Einweihung Feuerwehrhaus Pfingsten Winterwanderung Bilder 2013 Weihnachtsfeier Herbsteinsatz Jubil\u00e4um 10 Jahre Dorferneuerung 2013 Fahrradrallye Sommerausflug Ostern Bilder 2012 D\u00f6rpsfest Ausflug Steyerberg Winterwanderung Bilder 2011 Karneval D\u00f6rpsfest Weihnachten Fahrradtour Maibaum Fahrradrallye Bilder 2010 Bilder\u00a02009 Arbeitseinsatz Fahrradrallye Ostern [&hellip;]<\/p>\n","protected":false},"author":1,"featured_media":0,"parent":0,"menu_order":0,"comment_status":"closed","ping_status":"closed","template":"","meta":{"footnotes":""},"class_list":["post-100","page","type-page","status-publish","hentry"],"_links":{"self":[{"href":"https:\/\/old.diethe-langern.de\/wp_dl\/wp-json\/wp\/v2\/pages\/100","targetHints":{"allow":["GET"]}}],"collection":[{"href":"https:\/\/old.diethe-langern.de\/wp_dl\/wp-json\/wp\/v2\/pages"}],"about":[{"href":"https:\/\/old.diethe-langern.de\/wp_dl\/wp-json\/wp\/v2\/types\/page"}],"author":[{"embeddable":true,"href":"https:\/\/old.diethe-langern.de\/wp_dl\/wp-json\/wp\/v2\/users\/1"}],"replies":[{"embeddable":true,"href":"https:\/\/old.diethe-langern.de\/wp_dl\/wp-json\/wp\/v2\/comments?post=100"}],"version-history":[{"count":40,"href":"https:\/\/old.diethe-langern.de\/wp_dl\/wp-json\/wp\/v2\/pages\/100\/revisions"}],"predecessor-version":[{"id":858,"href":"https:\/\/old.diethe-langern.de\/wp_dl\/wp-json\/wp\/v2\/pages\/100\/revisions\/858"}],"wp:attachment":[{"href":"https:\/\/old.diethe-langern.de\/wp_dl\/wp-json\/wp\/v2\/media?parent=100"}],"curies":[{"name":"wp","href":"https:\/\/api.w.org\/{rel}","templated":true}]}}