{"id":26,"date":"2014-10-31T16:14:23","date_gmt":"2014-10-31T14:14:23","guid":{"rendered":"http:\/\/old.diethe-langern.de\/wp_dl\/?page_id=26"},"modified":"2014-11-04T08:54:37","modified_gmt":"2014-11-04T06:54:37","slug":"chronik-plattdeutsch","status":"publish","type":"page","link":"https:\/\/old.diethe-langern.de\/wp_dl\/chronik\/chronik-plattdeutsch\/","title":{"rendered":"Chronik plattdeutsch"},"content":{"rendered":"<h1>De Enstehung vonne Chronik<\/h1>\n<p>Et g\u00fcng als ~ 1996 los, als ick en Zettel von miene Oma Alma Brandt, geb. Hilker, funn h\u00e4we.<\/p>\n<p>Up d\u00fcssen Zettel st\u00fcnn 7\u00a0Noamen, de keiner mehr so recht to hoope finnen k\u00f6nn und denn h\u00e4w ick no miene Ahnen socht: Kerken \u2013 un Gemeindearchive w\u00f6rn schnell d\u00f6rst\u00f6vert un bin denn in Hannover im Hauptstaatsarchiv landet. Dor seuke ich noch f\u00fcdder r\u00fcmme\u2026.<\/p>\n<p>Ostern 2000 gaff et w\u00e4r dat Osterfuer.<\/p>\n<p>Use Ortsvorsteher Manfred Dr\u00fcsedau was neitschierig w\u00e4gen miene Seukaktion und kamm int gr\u00fcbeln, als hei h\u00f6rde, woveel Material all tohoope koam was.<\/p>\n<p>No n poor Gl\u00fchwien was kloar, ne Chronik mott her!<\/p>\n<p>Upwoaken bin ick denn inne Druckereien.<\/p>\n<p>Ick har 5 Leitzordner tohoope socht un oak all v\u00f6rsortiert. De Kosten w\u00f6rn noch to hoch.<\/p>\n<p>Miene l\u00e4ste Hoffnung w\u00f6rn <span style=\"text-decoration: underline;\">Thiarts in Stabage<\/span>. Un dat was de Gl\u00fccksfall!!!!<\/p>\n<p>Herr Thiart was ok j\u00fcmmer an gr\u00fcbeln, wie man et am besten in nen Bauk oder Heft tohoope kricht und denn g\u00fcng et aver los!<\/p>\n<p>Hei ha ok so\u00b4n Lussen, dat hei siene\u00a0freie Tiet sogar namm und ick \u00f6n denn ok hulpen h\u00e4we.<\/p>\n<p>Dat Ergebnis is olken wurn!!<\/p>\n<p>Dat was all n verr\u00fccktes Gefeul, als ick dat 1.Bauk inne H\u00e4nne holen h\u00e4r\u2026.<\/p>\n<p><a href=\"https:\/\/old.diethe-langern.de\/wp_dl\/wp-content\/uploads\/2014\/10\/deckblatt.jpg\"><img loading=\"lazy\" decoding=\"async\" class=\"wp-image-5 aligncenter\" src=\"https:\/\/old.diethe-langern.de\/wp_dl\/wp-content\/uploads\/2014\/10\/deckblatt-209x300.jpg\" alt=\"deckblatt\" width=\"302\" height=\"433\" srcset=\"https:\/\/old.diethe-langern.de\/wp_dl\/wp-content\/uploads\/2014\/10\/deckblatt-209x300.jpg 209w, https:\/\/old.diethe-langern.de\/wp_dl\/wp-content\/uploads\/2014\/10\/deckblatt.jpg 384w\" sizes=\"auto, (max-width: 302px) 100vw, 302px\" \/><\/a><\/p>\n<p>De 785 Jahrfier in August 2006 \u00a0was de Anlass das Bauk to pr\u00e4sentieren.<\/p>\n<p>Wi haan 250 Exemplore un nu givt et noch 74 St\u00fccke.<\/p>\n<p>Inne Chronik staat aals, watt j\u00fcmmer wichtig was in de olen Gemeinde Diethe:<\/p>\n<ul>\n<li>Altgemeinde Diethe mit sien Standesamt usw<\/li>\n<li>de Wesser<\/li>\n<li>Landwirtschaft und Landlerm<\/li>\n<li>Kerkengemeinden Baukholte und Nennruppe<\/li>\n<li>Schaule tau Langern<\/li>\n<li>Freiwillige Fuerwehr Diethe &#8211; Langern<\/li>\n<li>D\u00f6rpsverein \u201eStraDiLaB\u00fc\u201c<\/li>\n<li>Hoffbeschriebungen: Familiennaomen, l\u00fcttsche Ahnenriegen tau jeden Hoff usw<\/li>\n<\/ul>\n<p>Wer noch keine Chronik h\u00e4tt, over richtig neitschierig worn is, de draff sick ruhig melln!<\/p>\n<p>Iris Brandt<\/p>\n<p>Es war der 1. Versuch plattdeutsch zu schreiben. Ich hoffe, man versteht, worum es geht J<\/p>\n","protected":false},"excerpt":{"rendered":"<p>De Enstehung vonne Chronik Et g\u00fcng als ~ 1996 los, als ick en Zettel von miene Oma Alma Brandt, geb. Hilker, funn h\u00e4we. Up d\u00fcssen Zettel st\u00fcnn 7\u00a0Noamen, de keiner mehr so recht to hoope finnen k\u00f6nn und denn h\u00e4w ick no miene Ahnen socht: Kerken \u2013 un Gemeindearchive w\u00f6rn schnell d\u00f6rst\u00f6vert un bin denn [&hellip;]<\/p>\n","protected":false},"author":1,"featured_media":0,"parent":20,"menu_order":0,"comment_status":"closed","ping_status":"closed","template":"","meta":{"footnotes":""},"class_list":["post-26","page","type-page","status-publish","hentry"],"_links":{"self":[{"href":"https:\/\/old.diethe-langern.de\/wp_dl\/wp-json\/wp\/v2\/pages\/26","targetHints":{"allow":["GET"]}}],"collection":[{"href":"https:\/\/old.diethe-langern.de\/wp_dl\/wp-json\/wp\/v2\/pages"}],"about":[{"href":"https:\/\/old.diethe-langern.de\/wp_dl\/wp-json\/wp\/v2\/types\/page"}],"author":[{"embeddable":true,"href":"https:\/\/old.diethe-langern.de\/wp_dl\/wp-json\/wp\/v2\/users\/1"}],"replies":[{"embeddable":true,"href":"https:\/\/old.diethe-langern.de\/wp_dl\/wp-json\/wp\/v2\/comments?post=26"}],"version-history":[{"count":2,"href":"https:\/\/old.diethe-langern.de\/wp_dl\/wp-json\/wp\/v2\/pages\/26\/revisions"}],"predecessor-version":[{"id":69,"href":"https:\/\/old.diethe-langern.de\/wp_dl\/wp-json\/wp\/v2\/pages\/26\/revisions\/69"}],"up":[{"embeddable":true,"href":"https:\/\/old.diethe-langern.de\/wp_dl\/wp-json\/wp\/v2\/pages\/20"}],"wp:attachment":[{"href":"https:\/\/old.diethe-langern.de\/wp_dl\/wp-json\/wp\/v2\/media?parent=26"}],"curies":[{"name":"wp","href":"https:\/\/api.w.org\/{rel}","templated":true}]}}