{"id":307,"date":"2014-11-05T19:31:43","date_gmt":"2014-11-05T17:31:43","guid":{"rendered":"http:\/\/old.diethe-langern.de\/wp_dl\/?page_id=307"},"modified":"2022-12-01T13:06:03","modified_gmt":"2022-12-01T11:06:03","slug":"doerpsverein","status":"publish","type":"page","link":"https:\/\/old.diethe-langern.de\/wp_dl\/doerpsverein\/","title":{"rendered":"D\u00f6rpsverein"},"content":{"rendered":"<p>Der D\u00f6rpsverein <span style=\"color: #ff0000;\">Stra-Di-La-B\u00fc<\/span> gr\u00fcndete sich am 06. Juni 2003<\/p>\n<p>Die Anl\u00e4sse zur Gr\u00fcndung waren:<\/p>\n<p>Die im Jahre 2006 beabsichtigte 785-Jahrfeier<br \/>\nDie Erstellung einer Ortschronik durch Iris Brand<br \/>\nDie Bestandsicherung der Schutzh\u00fctte mit Grillplatz am Ger\u00e4tehaus in Langern<\/p>\n<p><strong>Vorstand 2017<\/strong><\/p>\n<p>?<\/p>\n","protected":false},"excerpt":{"rendered":"<p>Der D\u00f6rpsverein Stra-Di-La-B\u00fc gr\u00fcndete sich am 06. Juni 2003 Die Anl\u00e4sse zur Gr\u00fcndung waren: Die im Jahre 2006 beabsichtigte 785-Jahrfeier Die Erstellung einer Ortschronik durch Iris Brand Die Bestandsicherung der Schutzh\u00fctte mit Grillplatz am Ger\u00e4tehaus in Langern Vorstand 2017 ?<\/p>\n","protected":false},"author":1,"featured_media":0,"parent":0,"menu_order":0,"comment_status":"closed","ping_status":"closed","template":"","meta":{"footnotes":""},"class_list":["post-307","page","type-page","status-publish","hentry"],"_links":{"self":[{"href":"https:\/\/old.diethe-langern.de\/wp_dl\/wp-json\/wp\/v2\/pages\/307","targetHints":{"allow":["GET"]}}],"collection":[{"href":"https:\/\/old.diethe-langern.de\/wp_dl\/wp-json\/wp\/v2\/pages"}],"about":[{"href":"https:\/\/old.diethe-langern.de\/wp_dl\/wp-json\/wp\/v2\/types\/page"}],"author":[{"embeddable":true,"href":"https:\/\/old.diethe-langern.de\/wp_dl\/wp-json\/wp\/v2\/users\/1"}],"replies":[{"embeddable":true,"href":"https:\/\/old.diethe-langern.de\/wp_dl\/wp-json\/wp\/v2\/comments?post=307"}],"version-history":[{"count":3,"href":"https:\/\/old.diethe-langern.de\/wp_dl\/wp-json\/wp\/v2\/pages\/307\/revisions"}],"predecessor-version":[{"id":980,"href":"https:\/\/old.diethe-langern.de\/wp_dl\/wp-json\/wp\/v2\/pages\/307\/revisions\/980"}],"wp:attachment":[{"href":"https:\/\/old.diethe-langern.de\/wp_dl\/wp-json\/wp\/v2\/media?parent=307"}],"curies":[{"name":"wp","href":"https:\/\/api.w.org\/{rel}","templated":true}]}}