{"id":524,"date":"2015-01-28T20:36:47","date_gmt":"2015-01-28T18:36:47","guid":{"rendered":"http:\/\/old.diethe-langern.de\/wp_dl\/?page_id=524"},"modified":"2015-01-29T20:12:26","modified_gmt":"2015-01-29T18:12:26","slug":"bankfeedback-2014","status":"publish","type":"page","link":"https:\/\/old.diethe-langern.de\/wp_dl\/bankfeedback\/bankfeedback-2014\/","title":{"rendered":"Bankfeedback 2014"},"content":{"rendered":"<p>&nbsp;<\/p>\n<p>Andreas OL \u00a0\u00a0Sep 18 2014<\/p>\n<p>Zwischendurch etwas durchschnaufen unter dieser sch\u00f6nen Eiche. Nette Idee das mit dem Online-G\u00e4stebuch.<\/p>\n<p>&#8212;<\/p>\n<p>LUCIE U. TOBI \u00a0\u00a0Aug 14 2014<\/p>\n<p>Wir haben den Aufenthalt sehr genossen.So sch\u00f6n weg von allem super Idee mit dem G\u00e4stebuch!<\/p>\n<p>&#8212;<\/p>\n<p>Gernot und Tobias \u00a0\u00a0Jul 30 2014<\/p>\n<p>Hallo! Eine Pause nach 50 km tut gut \ud83d\ude42 Sch\u00f6ne Bank weit weg von Stra\u00dfen! Dann geht&#8217;s gleich weiter &#8211; hoffentlich mit R\u00fcckenwind!<\/p>\n<p>&#8212;<\/p>\n<p>Tom Fechner \u00a0 Jul 23 2014<\/p>\n<p>Hallo! &#8230;die Bank kam uns grade recht. Besten dank f\u00fcr den sch\u00f6nen Platz! &#8230;.und hier kippelt zurzeit nix. \ud83d\ude00 &#8230;liebe Gr\u00fcsse!<\/p>\n<p>&#8212;<\/p>\n<p>Sven\u00a0May 16 2014<\/p>\n<p>War nett hier. Aber die Bank kippelt wirklich.<br \/>\nTrotzdem ein toller Platz.<\/p>\n<p>&#8212;<\/p>\n<p>John der Radfahrer \u00a0\u00a0May 01 2014<\/p>\n<p>Sehr sch\u00f6nes Pl\u00e4tzchen, jedoch kippelt die Bank.<\/p>\n<p>&nbsp;<\/p>\n","protected":false},"excerpt":{"rendered":"<p>&nbsp; Andreas OL \u00a0\u00a0Sep 18 2014 Zwischendurch etwas durchschnaufen unter dieser sch\u00f6nen Eiche. Nette Idee das mit dem Online-G\u00e4stebuch. &#8212; LUCIE U. TOBI \u00a0\u00a0Aug 14 2014 Wir haben den Aufenthalt sehr genossen.So sch\u00f6n weg von allem super Idee mit dem G\u00e4stebuch! &#8212; Gernot und Tobias \u00a0\u00a0Jul 30 2014 Hallo! Eine Pause nach 50 km tut [&hellip;]<\/p>\n","protected":false},"author":1,"featured_media":0,"parent":528,"menu_order":0,"comment_status":"closed","ping_status":"closed","template":"","meta":{"footnotes":""},"class_list":["post-524","page","type-page","status-publish","hentry"],"_links":{"self":[{"href":"https:\/\/old.diethe-langern.de\/wp_dl\/wp-json\/wp\/v2\/pages\/524","targetHints":{"allow":["GET"]}}],"collection":[{"href":"https:\/\/old.diethe-langern.de\/wp_dl\/wp-json\/wp\/v2\/pages"}],"about":[{"href":"https:\/\/old.diethe-langern.de\/wp_dl\/wp-json\/wp\/v2\/types\/page"}],"author":[{"embeddable":true,"href":"https:\/\/old.diethe-langern.de\/wp_dl\/wp-json\/wp\/v2\/users\/1"}],"replies":[{"embeddable":true,"href":"https:\/\/old.diethe-langern.de\/wp_dl\/wp-json\/wp\/v2\/comments?post=524"}],"version-history":[{"count":4,"href":"https:\/\/old.diethe-langern.de\/wp_dl\/wp-json\/wp\/v2\/pages\/524\/revisions"}],"predecessor-version":[{"id":535,"href":"https:\/\/old.diethe-langern.de\/wp_dl\/wp-json\/wp\/v2\/pages\/524\/revisions\/535"}],"up":[{"embeddable":true,"href":"https:\/\/old.diethe-langern.de\/wp_dl\/wp-json\/wp\/v2\/pages\/528"}],"wp:attachment":[{"href":"https:\/\/old.diethe-langern.de\/wp_dl\/wp-json\/wp\/v2\/media?parent=524"}],"curies":[{"name":"wp","href":"https:\/\/api.w.org\/{rel}","templated":true}]}}