{"id":685,"date":"2016-05-08T16:47:44","date_gmt":"2016-05-08T14:47:44","guid":{"rendered":"http:\/\/old.diethe-langern.de\/wp_dl\/?page_id=685"},"modified":"2016-09-10T09:26:49","modified_gmt":"2016-09-10T07:26:49","slug":"bankfeedback-2016","status":"publish","type":"page","link":"https:\/\/old.diethe-langern.de\/wp_dl\/bankfeedback\/bankfeedback-2016\/","title":{"rendered":"Bankfeedback 2016"},"content":{"rendered":"<p><b>Schr\u00f6der Ralf<\/b> 9. September 2016 14:31<\/br><br \/>\nSch\u00f6nes Pl\u00e4tzchen.M\u00fclleimer fehlt sonst alles gut.<br \/>\n&#8212;&#8211;<\/p>\n<\/section>\n<p><strong>Petra Strohmeyer Schuh <\/strong>27. Juli 2016 12:45<\/p>\n<div class=\"submitted-on\">Huhu,<br \/>\ndiese Bank hat mich in der Mittagshitze gerettet\u2026.nun ein paar Schlucke Wasser trinken\u2026.und dann geht es weiter auf dem Weserradweg nach Hause. Ich hoffe, dass ich heute Abend in meinem Bett schlafen kann\u2026Liebe Gr\u00fc\u00dfe\u2026<br \/>\nPetra<\/div>\n<p>&#8212;&#8211;<\/p>\n<p><strong>K\u00fcstenradler <\/strong>21. Juli 2016 um 12:13<\/p>\n<p>Moin,<br \/>\nZum Verweilen auf dieser sch\u00f6nen Bank im Schatten dieser wunderbaren Eiche fehlt zum totalen Gl\u00fcck nur noch ein Flens und ein Fischbr\u00f6tchen. Carsten &amp; Kathrin<br \/>\n?<\/p>\n<p>&#8212;&#8211;<\/p>\n<p><strong>Inge Ludwig<\/strong>\u00a018.Juli\u00a02016 um 13:35<\/p>\n<p>Wir sitzen auf dieser sch\u00f6nen Bank im Schatten und machen eine kleine Pause auf unserer Radtour von Siegen nach Cuxhaven.<\/p>\n<p>&#8212;&#8211;<\/p>\n<p><strong>Kartenclub Steyerberg<\/strong> 05.Mai 2016 um 15:28<\/p>\n<p>Sch\u00f6n ist es hier &#8230;<\/p>\n<p>&#8212;&#8211;<\/p>\n<p>&nbsp;<\/p>\n","protected":false},"excerpt":{"rendered":"<p>Schr\u00f6der Ralf 9. September 2016 14:31 Sch\u00f6nes Pl\u00e4tzchen.M\u00fclleimer fehlt sonst alles gut. &#8212;&#8211; Petra Strohmeyer Schuh 27. Juli 2016 12:45 Huhu, diese Bank hat mich in der Mittagshitze gerettet\u2026.nun ein paar Schlucke Wasser trinken\u2026.und dann geht es weiter auf dem Weserradweg nach Hause. Ich hoffe, dass ich heute Abend in meinem Bett schlafen kann\u2026Liebe Gr\u00fc\u00dfe\u2026 [&hellip;]<\/p>\n","protected":false},"author":1,"featured_media":0,"parent":528,"menu_order":0,"comment_status":"closed","ping_status":"closed","template":"","meta":{"footnotes":""},"class_list":["post-685","page","type-page","status-publish","hentry"],"_links":{"self":[{"href":"https:\/\/old.diethe-langern.de\/wp_dl\/wp-json\/wp\/v2\/pages\/685","targetHints":{"allow":["GET"]}}],"collection":[{"href":"https:\/\/old.diethe-langern.de\/wp_dl\/wp-json\/wp\/v2\/pages"}],"about":[{"href":"https:\/\/old.diethe-langern.de\/wp_dl\/wp-json\/wp\/v2\/types\/page"}],"author":[{"embeddable":true,"href":"https:\/\/old.diethe-langern.de\/wp_dl\/wp-json\/wp\/v2\/users\/1"}],"replies":[{"embeddable":true,"href":"https:\/\/old.diethe-langern.de\/wp_dl\/wp-json\/wp\/v2\/comments?post=685"}],"version-history":[{"count":17,"href":"https:\/\/old.diethe-langern.de\/wp_dl\/wp-json\/wp\/v2\/pages\/685\/revisions"}],"predecessor-version":[{"id":735,"href":"https:\/\/old.diethe-langern.de\/wp_dl\/wp-json\/wp\/v2\/pages\/685\/revisions\/735"}],"up":[{"embeddable":true,"href":"https:\/\/old.diethe-langern.de\/wp_dl\/wp-json\/wp\/v2\/pages\/528"}],"wp:attachment":[{"href":"https:\/\/old.diethe-langern.de\/wp_dl\/wp-json\/wp\/v2\/media?parent=685"}],"curies":[{"name":"wp","href":"https:\/\/api.w.org\/{rel}","templated":true}]}}