{"id":812,"date":"2017-05-11T08:13:06","date_gmt":"2017-05-11T06:13:06","guid":{"rendered":"http:\/\/old.diethe-langern.de\/wp_dl\/?page_id=812"},"modified":"2017-08-03T11:38:35","modified_gmt":"2017-08-03T09:38:35","slug":"bankfeedback-2017","status":"publish","type":"page","link":"https:\/\/old.diethe-langern.de\/wp_dl\/bankfeedback\/bankfeedback-2017\/","title":{"rendered":"Bankfeedback 2017"},"content":{"rendered":"<header class=\"comment-meta comment-author vcard\"><\/header>\n<header class=\"comment-meta comment-author vcard\"><\/header>\n<header class=\"comment-meta comment-author vcard\">\n<header class=\"comment-meta comment-author vcard\">\n<header class=\"comment-meta comment-author vcard\">\n<header class=\"comment-meta comment-author vcard\">\n<header>\n<header>\n<header>\n<header>\n<header class=\"comment-meta comment-author vcard\"><cite><b class=\"fn\">Gabi sosnitza\u00a0<\/b><\/cite><time datetime=\"2017-07-30T11:14:53+00:00\">30. Juli 2017 um 11:14<\/time><\/header>\n<section class=\"comment-content comment\">Wir kommen aus der N\u00e4he (leese) immer wieder gern hier vorbei. Unsere Tour f\u00fchrt h\u00e4ufig in die Gegend um Munde. Wundersch\u00f6ne Weserniedetung!<\/p>\n<\/section>\n<\/header>\n<header class=\"comment-meta comment-author vcard\"><cite><b class=\"fn\">Torsten\u00a0<\/b><\/cite><time datetime=\"2017-07-18T12:09:33+00:00\">18. Juli 2017 um 12:09<\/time><\/header>\n<section class=\"comment-content comment\">Auf diese Bank haben wir gewartet! Sehr sch\u00f6n!<br \/>\nSch\u00f6ne Gr\u00fc\u00dfe aus Bremen<\/section>\n<\/header>\n<header class=\"comment-meta comment-author vcard\"><cite><b class=\"fn\">Tomekk\u00a0<\/b><\/cite><time datetime=\"2017-07-01T13:06:12+00:00\">1. Juli 2017 um 13:06<\/time><\/header>\n<section class=\"comment-content comment\">Moin moin,<br \/>\nWir sind gerade auf dem Weg mit dem fahrrad von Th\u00f6nse nach Trier und nehmen einen kleinen Imbiss auf dieser idyllischen Bank zu uns. Diese Bank gab uns einen sehr erholsamen Aufenthalt und Schutz vor Regen, sodass wir den weiteren Weg zur PW antreten konnten.<br \/>\nDanke<\/section>\n<\/header>\n<header class=\"comment-meta comment-author vcard\"><cite><b class=\"fn\">Ralf\u00a0<\/b><\/cite><time datetime=\"2017-06-18T14:38:08+00:00\">18. Juni 2017 um 14:38<\/time><\/header>\n<section class=\"comment-content comment\">Sehr sch\u00f6n hier. Tolle Gegend viel Natur.<\/section>\n<\/header>\n<header class=\"comment-meta comment-author vcard\"><cite><b class=\"fn\">Petra&amp;Diemar\u00a0<\/b><\/cite><time datetime=\"2017-06-05T16:40:03+00:00\">5. Juni 2017 um 16:40<\/time><\/header>\n<section class=\"comment-content comment\">Ein sch\u00f6nes schattiges Pl\u00e4tzchen mit einer Bank die zum sitzen einl\u00e4dt, weil diese nicht voll mit Vogelkot ist, wie viele ihrer \u201eArtgenossen\u201c :-). Ein sch\u00f6ner Platz um den Blick in die Ferne zu richten und zu tr\u00e4umen.<\/section>\n<\/header>\n<header class=\"comment-meta comment-author vcard\"><cite><b class=\"fn\">Snow-Cat\u00a0<\/b><\/cite><time datetime=\"2017-06-03T13:25:03+00:00\">3. Juni 2017 um 13:25<\/time><\/header>\n<section class=\"comment-content comment\">Rast auf eurer Bank unter der Eiche. Sch\u00f6n hier. Snow-Dog und Snoe-Cat<\/section>\n<\/header>\n<header class=\"comment-meta comment-author vcard\"><cite><b class=\"fn\">stefan\u00a0<\/b><\/cite><time datetime=\"2017-05-25T15:56:43+00:00\">25. Mai 2017 um 15:56<\/time><\/header>\n<section class=\"comment-content comment\">Wie idyllisch<\/section>\n<\/header>\n<header class=\"comment-meta comment-author vcard\"><\/header>\n<header class=\"comment-meta comment-author vcard\"><cite><b class=\"fn\">J\u00fcrgen\u00a0<\/b><\/cite><time datetime=\"2017-05-20T17:01:17+00:00\">20. Mai 2017 um 17:01<\/time><\/header>\n<section class=\"comment-content comment\">Der Vorsitzende hat den Code ausprobieren es funktioniert . Gru\u00df J\u00fcrgen<\/section>\n<\/header>\n<header class=\"comment-meta comment-author vcard\"><\/header>\n<header class=\"comment-meta comment-author vcard\"><\/header>\n<header class=\"comment-meta comment-author vcard\"><cite><b class=\"fn\">J\u00fcrgen\u00a0<\/b><\/cite><time datetime=\"2017-05-11T21:54:09+00:00\">11. Mai 2017 um 21:54<\/time><\/header>\n<header class=\"comment-meta comment-author vcard\"><\/header>\n<section class=\"comment-content comment\">Es funktioniert. Und diese Bank ist bei untergehender Sonne ein super Platz<\/section>\n","protected":false},"excerpt":{"rendered":"<p>Gabi sosnitza\u00a030. Juli 2017 um 11:14 Wir kommen aus der N\u00e4he (leese) immer wieder gern hier vorbei. Unsere Tour f\u00fchrt h\u00e4ufig in die Gegend um Munde. Wundersch\u00f6ne Weserniedetung! Torsten\u00a018. Juli 2017 um 12:09 Auf diese Bank haben wir gewartet! Sehr sch\u00f6n! Sch\u00f6ne Gr\u00fc\u00dfe aus Bremen Tomekk\u00a01. Juli 2017 um 13:06 Moin moin, Wir sind gerade [&hellip;]<\/p>\n","protected":false},"author":2,"featured_media":0,"parent":528,"menu_order":0,"comment_status":"closed","ping_status":"closed","template":"","meta":{"footnotes":""},"class_list":["post-812","page","type-page","status-publish","hentry"],"_links":{"self":[{"href":"https:\/\/old.diethe-langern.de\/wp_dl\/wp-json\/wp\/v2\/pages\/812","targetHints":{"allow":["GET"]}}],"collection":[{"href":"https:\/\/old.diethe-langern.de\/wp_dl\/wp-json\/wp\/v2\/pages"}],"about":[{"href":"https:\/\/old.diethe-langern.de\/wp_dl\/wp-json\/wp\/v2\/types\/page"}],"author":[{"embeddable":true,"href":"https:\/\/old.diethe-langern.de\/wp_dl\/wp-json\/wp\/v2\/users\/2"}],"replies":[{"embeddable":true,"href":"https:\/\/old.diethe-langern.de\/wp_dl\/wp-json\/wp\/v2\/comments?post=812"}],"version-history":[{"count":12,"href":"https:\/\/old.diethe-langern.de\/wp_dl\/wp-json\/wp\/v2\/pages\/812\/revisions"}],"predecessor-version":[{"id":816,"href":"https:\/\/old.diethe-langern.de\/wp_dl\/wp-json\/wp\/v2\/pages\/812\/revisions\/816"}],"up":[{"embeddable":true,"href":"https:\/\/old.diethe-langern.de\/wp_dl\/wp-json\/wp\/v2\/pages\/528"}],"wp:attachment":[{"href":"https:\/\/old.diethe-langern.de\/wp_dl\/wp-json\/wp\/v2\/media?parent=812"}],"curies":[{"name":"wp","href":"https:\/\/api.w.org\/{rel}","templated":true}]}}