{"id":82,"date":"2014-10-31T17:35:26","date_gmt":"2014-10-31T15:35:26","guid":{"rendered":"http:\/\/old.diethe-langern.de\/wp_dl\/?page_id=82"},"modified":"2022-12-01T13:12:19","modified_gmt":"2022-12-01T11:12:19","slug":"feuerwehr","status":"publish","type":"page","link":"https:\/\/old.diethe-langern.de\/wp_dl\/feuerwehr\/","title":{"rendered":"Feuerwehr"},"content":{"rendered":"<p><b>Brandmeister seit der Gr\u00fcndung:<\/b><\/p>\n<table width=\"408\">\n<tbody>\n<tr>\n<td width=\"214\">Wilhelm Brandt (Kraumanns Opa)<\/td>\n<td width=\"194\">01.04.1957 bis 21.01.1978<\/td>\n<\/tr>\n<tr>\n<td>Wilhelm Cording<\/td>\n<td>21.01.78 bis 10.01.1998<\/td>\n<\/tr>\n<tr>\n<td>Heinrich Kruse<\/td>\n<td>10.01.98 bis 21.01.2006<\/td>\n<\/tr>\n<tr>\n<td>Wilhelm Brandt<\/td>\n<td>21.01.2006 bis Dezember 2017<\/td>\n<\/tr>\n<\/tbody>\n<\/table>\n<p><b>letztes Kommando im Dezember 2017:<\/b><\/p>\n<table width=\"266\">\n<tbody>\n<tr>\n<td width=\"155\">Ortsbrandmeister<\/td>\n<td width=\"111\">Wilhelm Brandt<\/td>\n<\/tr>\n<tr>\n<td>Stellvertreter<\/td>\n<td>Christian Wehrse<\/td>\n<\/tr>\n<tr>\n<td>Gruppenf\u00fchrer<\/td>\n<td>Wilhelm Cording<\/td>\n<\/tr>\n<tr>\n<td>Kassenwart<\/td>\n<td>J\u00fcrgen Kanning<\/td>\n<\/tr>\n<tr>\n<td>Atemschutzbeauftragter<\/td>\n<td>Heinrich Kruse<\/td>\n<\/tr>\n<tr>\n<td>Funkbeauftragter<\/td>\n<td>J\u00fcrgen Gehrke<\/td>\n<\/tr>\n<tr>\n<td>Ger\u00e4tewart<\/td>\n<td>Stefan Cording<\/td>\n<\/tr>\n<tr>\n<td>Sicherheitsbeauftragter<\/td>\n<td>Stefan Cording<\/td>\n<\/tr>\n<tr>\n<td>Schrift\u00fchrer<\/td>\n<td>Birgit Kanning<\/td>\n<\/tr>\n<\/tbody>\n<\/table>\n","protected":false},"excerpt":{"rendered":"<p>Brandmeister seit der Gr\u00fcndung: Wilhelm Brandt (Kraumanns Opa) 01.04.1957 bis 21.01.1978 Wilhelm Cording 21.01.78 bis 10.01.1998 Heinrich Kruse 10.01.98 bis 21.01.2006 Wilhelm Brandt 21.01.2006 bis Dezember 2017 letztes Kommando im Dezember 2017: Ortsbrandmeister Wilhelm Brandt Stellvertreter Christian Wehrse Gruppenf\u00fchrer Wilhelm Cording Kassenwart J\u00fcrgen Kanning Atemschutzbeauftragter Heinrich Kruse Funkbeauftragter J\u00fcrgen Gehrke Ger\u00e4tewart Stefan Cording Sicherheitsbeauftragter Stefan [&hellip;]<\/p>\n","protected":false},"author":1,"featured_media":0,"parent":0,"menu_order":0,"comment_status":"closed","ping_status":"closed","template":"","meta":{"footnotes":""},"class_list":["post-82","page","type-page","status-publish","hentry"],"_links":{"self":[{"href":"https:\/\/old.diethe-langern.de\/wp_dl\/wp-json\/wp\/v2\/pages\/82","targetHints":{"allow":["GET"]}}],"collection":[{"href":"https:\/\/old.diethe-langern.de\/wp_dl\/wp-json\/wp\/v2\/pages"}],"about":[{"href":"https:\/\/old.diethe-langern.de\/wp_dl\/wp-json\/wp\/v2\/types\/page"}],"author":[{"embeddable":true,"href":"https:\/\/old.diethe-langern.de\/wp_dl\/wp-json\/wp\/v2\/users\/1"}],"replies":[{"embeddable":true,"href":"https:\/\/old.diethe-langern.de\/wp_dl\/wp-json\/wp\/v2\/comments?post=82"}],"version-history":[{"count":5,"href":"https:\/\/old.diethe-langern.de\/wp_dl\/wp-json\/wp\/v2\/pages\/82\/revisions"}],"predecessor-version":[{"id":981,"href":"https:\/\/old.diethe-langern.de\/wp_dl\/wp-json\/wp\/v2\/pages\/82\/revisions\/981"}],"wp:attachment":[{"href":"https:\/\/old.diethe-langern.de\/wp_dl\/wp-json\/wp\/v2\/media?parent=82"}],"curies":[{"name":"wp","href":"https:\/\/api.w.org\/{rel}","templated":true}]}}